{"id":200,"date":"2025-09-18T07:46:45","date_gmt":"2025-09-18T07:46:45","guid":{"rendered":"https:\/\/xn--mrjamaahostel-bfb.ee\/home\/"},"modified":"2025-10-17T14:34:59","modified_gmt":"2025-10-17T14:34:59","slug":"home","status":"publish","type":"page","link":"https:\/\/xn--mrjamaahostel-bfb.ee\/en\/","title":{"rendered":"Home"},"content":{"rendered":"\n<div style=\"height:100px\" aria-hidden=\"true\" class=\"wp-block-spacer mobile-spacer-0\"><\/div>\n\n\n\n<div class=\"wp-block-columns alignfull is-layout-flex wp-container-core-columns-is-layout-28f84493 wp-block-columns-is-layout-flex\">\n<div class=\"wp-block-column animated rotateInDownLeft slow is-layout-flow wp-block-column-is-layout-flow\">\n<div class=\"wp-block-cover ed-linked-block\"><img loading=\"lazy\" decoding=\"async\" width=\"1024\" height=\"577\" class=\"wp-block-cover__image-background wp-image-33 size-large\" alt=\"\" src=\"https:\/\/uus.xn--mrjamaahostel-bfb.ee\/wp-content\/uploads\/2025\/09\/Neljane-tuba-1024x577.jpg\" data-object-fit=\"cover\" srcset=\"https:\/\/xn--mrjamaahostel-bfb.ee\/wp-content\/uploads\/2025\/09\/Neljane-tuba-1024x577.jpg 1024w, https:\/\/xn--mrjamaahostel-bfb.ee\/wp-content\/uploads\/2025\/09\/Neljane-tuba-300x169.jpg 300w, https:\/\/xn--mrjamaahostel-bfb.ee\/wp-content\/uploads\/2025\/09\/Neljane-tuba-768x432.jpg 768w, https:\/\/xn--mrjamaahostel-bfb.ee\/wp-content\/uploads\/2025\/09\/Neljane-tuba-1536x865.jpg 1536w, https:\/\/xn--mrjamaahostel-bfb.ee\/wp-content\/uploads\/2025\/09\/Neljane-tuba-2048x1153.jpg 2048w, https:\/\/xn--mrjamaahostel-bfb.ee\/wp-content\/uploads\/2025\/09\/Neljane-tuba-1568x883.jpg 1568w\" sizes=\"auto, (max-width: 1024px) 100vw, 1024px\" \/><span aria-hidden=\"true\" class=\"wp-block-cover__background has-background-dim-0 has-background-dim\" style=\"background-color:#6d665c\"><\/span><div class=\"wp-block-cover__inner-container is-layout-constrained wp-block-cover-is-layout-constrained\">\n<div class=\"wp-block-cover is-light\"><span aria-hidden=\"true\" class=\"wp-block-cover__background has-black-background-color has-background-dim-10 has-background-dim\"><\/span><div class=\"wp-block-cover__inner-container is-layout-constrained wp-block-cover-is-layout-constrained\">\n<h2 class=\"wp-block-heading has-text-align-center has-white-color has-text-color has-link-color has-large-font-size wp-elements-c758c48281b3f25b68d9f6aed7e302f5\"><strong>HOSTEL<\/strong><\/h2>\n\n\n\n<p class=\"has-text-align-center has-white-color has-text-color has-link-color has-medium-font-size wp-elements-2370d27c83d0ab899e480e7dc8448263\"><strong>Reception 12:00-21.00<\/strong><\/p>\n<\/div><\/div>\n<\/div><a href=\"https:\/\/xn--mrjamaahostel-bfb.ee\/en\/rooms\/\" class=\"edhotels-block-link\" rel=\"\"><\/a><\/div>\n<\/div>\n\n\n\n<div class=\"wp-block-column is-layout-flow wp-block-column-is-layout-flow\">\n<div class=\"wp-block-cover animated rotateInDownRight slow ed-linked-block\"><img loading=\"lazy\" decoding=\"async\" width=\"1024\" height=\"577\" class=\"wp-block-cover__image-background wp-image-18 size-large\" alt=\"\" src=\"https:\/\/uus.xn--mrjamaahostel-bfb.ee\/wp-content\/uploads\/2025\/09\/Hommikukohvik-22-1024x577.jpg\" style=\"object-position:6% 73%\" data-object-fit=\"cover\" data-object-position=\"6% 73%\" srcset=\"https:\/\/xn--mrjamaahostel-bfb.ee\/wp-content\/uploads\/2025\/09\/Hommikukohvik-22-1024x577.jpg 1024w, https:\/\/xn--mrjamaahostel-bfb.ee\/wp-content\/uploads\/2025\/09\/Hommikukohvik-22-300x169.jpg 300w, https:\/\/xn--mrjamaahostel-bfb.ee\/wp-content\/uploads\/2025\/09\/Hommikukohvik-22-768x432.jpg 768w, https:\/\/xn--mrjamaahostel-bfb.ee\/wp-content\/uploads\/2025\/09\/Hommikukohvik-22-1536x865.jpg 1536w, https:\/\/xn--mrjamaahostel-bfb.ee\/wp-content\/uploads\/2025\/09\/Hommikukohvik-22-2048x1153.jpg 2048w, https:\/\/xn--mrjamaahostel-bfb.ee\/wp-content\/uploads\/2025\/09\/Hommikukohvik-22-1568x883.jpg 1568w\" sizes=\"auto, (max-width: 1024px) 100vw, 1024px\" \/><span aria-hidden=\"true\" class=\"wp-block-cover__background has-background-dim-10 has-background-dim\" style=\"background-color:#7e695a\"><\/span><div class=\"wp-block-cover__inner-container is-layout-constrained wp-block-cover-is-layout-constrained\">\n<div class=\"wp-block-cover is-light\"><span aria-hidden=\"true\" class=\"wp-block-cover__background has-black-background-color has-background-dim-10 has-background-dim\"><\/span><div class=\"wp-block-cover__inner-container is-layout-constrained wp-block-cover-is-layout-constrained\">\n<h2 class=\"wp-block-heading has-text-align-center has-white-color has-text-color has-link-color has-large-font-size wp-elements-4dce499cc484c4a31a0bd2dc8dc2425c\"><strong>BREAKFAST<\/strong><\/h2>\n\n\n\n<p class=\"has-text-align-center has-white-color has-text-color has-link-color has-medium-font-size wp-elements-a01c46f9c573ec0d055bfe2c3bc31a97\"><strong>Open on weekdays 06.30-12.00<\/strong><\/p>\n<\/div><\/div>\n<\/div><a href=\"https:\/\/xn--mrjamaahostel-bfb.ee\/en\/breakfast\/\" class=\"edhotels-block-link\" rel=\"\"><\/a><\/div>\n<\/div>\n\n\n\n<div class=\"wp-block-column is-layout-flow wp-block-column-is-layout-flow\">\n<div class=\"wp-block-cover animated rotateInDownRight slow\"><img loading=\"lazy\" decoding=\"async\" width=\"1024\" height=\"577\" class=\"wp-block-cover__image-background wp-image-34 size-large\" alt=\"\" src=\"https:\/\/uus.xn--mrjamaahostel-bfb.ee\/wp-content\/uploads\/2025\/09\/Pubi_marjamaa_hostel-1024x577.jpg\" data-object-fit=\"cover\" srcset=\"https:\/\/xn--mrjamaahostel-bfb.ee\/wp-content\/uploads\/2025\/09\/Pubi_marjamaa_hostel-1024x577.jpg 1024w, https:\/\/xn--mrjamaahostel-bfb.ee\/wp-content\/uploads\/2025\/09\/Pubi_marjamaa_hostel-300x169.jpg 300w, https:\/\/xn--mrjamaahostel-bfb.ee\/wp-content\/uploads\/2025\/09\/Pubi_marjamaa_hostel-768x432.jpg 768w, https:\/\/xn--mrjamaahostel-bfb.ee\/wp-content\/uploads\/2025\/09\/Pubi_marjamaa_hostel-1536x865.jpg 1536w, https:\/\/xn--mrjamaahostel-bfb.ee\/wp-content\/uploads\/2025\/09\/Pubi_marjamaa_hostel-2048x1153.jpg 2048w, https:\/\/xn--mrjamaahostel-bfb.ee\/wp-content\/uploads\/2025\/09\/Pubi_marjamaa_hostel-1568x883.jpg 1568w\" sizes=\"auto, (max-width: 1024px) 100vw, 1024px\" \/><span aria-hidden=\"true\" class=\"wp-block-cover__background has-background-dim-0 has-background-dim\" style=\"background-color:#71615d\"><\/span><div class=\"wp-block-cover__inner-container is-layout-constrained wp-block-cover-is-layout-constrained\">\n<div class=\"wp-block-cover is-light ed-linked-block\"><span aria-hidden=\"true\" class=\"wp-block-cover__background has-luminous-vivid-amber-background-color has-background-dim-10 has-background-dim\"><\/span><div class=\"wp-block-cover__inner-container is-layout-constrained wp-block-cover-is-layout-constrained\">\n<p class=\"has-text-align-center has-white-color has-text-color has-link-color has-large-font-size wp-elements-af452b15c53990db50efc1c61d0ac1cd\"><strong>PUB<\/strong><\/p>\n\n\n\n<p class=\"has-text-align-center has-white-color has-text-color has-link-color has-medium-font-size wp-elements-9fcb68930ecfa9bfad44a279706fa477\"><strong>Mon-Thu 11-21<\/strong>, <strong>Fri 11-22<\/strong><br><strong>Sat 12-22<\/strong>, <strong>Sun 12-21<\/strong><\/p>\n<\/div><a href=\"https:\/\/xn--mrjamaahostel-bfb.ee\/en\/pub\/\" class=\"edhotels-block-link\" rel=\"\"><\/a><\/div>\n<\/div><\/div>\n<\/div>\n<\/div>\n\n\n\n<div style=\"height:30px\" aria-hidden=\"true\" class=\"wp-block-spacer\"><\/div>\n\n\n\n<h1 class=\"wp-block-heading has-text-align-center\"><strong>M\u00c4RJAMAA HOSTEL &amp; PUB<\/strong><\/h1>\n\n\n\n<p class=\"has-text-align-center has-medium-font-size\">M\u00e4rjamaa Hostel is an accommodation located in the M\u00e4rjamaa borough, across from the church, accommodating up to 20 people.<br><br>In addition, we serve breakfast on weekdays from 6:3 to 12:00 for both hotel guests and visitors from the city. Our breakfast includes porridge, a rich buffet selection, and freshly baked pastries.<\/p>\n\n\n\n<p class=\"has-text-align-center has-medium-font-size\">The pub is the perfect place for birthdays and corporate events alike.<\/p>\n\n\n\n<div style=\"height:40px\" aria-hidden=\"true\" class=\"wp-block-spacer\"><\/div>\n\n\n\n<div class=\"wp-block-columns alignwide is-layout-flex wp-container-core-columns-is-layout-28f84493 wp-block-columns-is-layout-flex\">\n<div class=\"wp-block-column animated rotateInDownRight slow is-layout-flow wp-block-column-is-layout-flow\">\n<figure class=\"wp-block-image size-large\"><img loading=\"lazy\" decoding=\"async\" width=\"1024\" height=\"577\" src=\"https:\/\/xn--mrjamaahostel-bfb.ee\/wp-content\/uploads\/2025\/09\/Kahene-tuba-5-1024x577.jpg\" alt=\"\" class=\"wp-image-21\" srcset=\"https:\/\/xn--mrjamaahostel-bfb.ee\/wp-content\/uploads\/2025\/09\/Kahene-tuba-5-1024x577.jpg 1024w, https:\/\/xn--mrjamaahostel-bfb.ee\/wp-content\/uploads\/2025\/09\/Kahene-tuba-5-300x169.jpg 300w, https:\/\/xn--mrjamaahostel-bfb.ee\/wp-content\/uploads\/2025\/09\/Kahene-tuba-5-768x432.jpg 768w, https:\/\/xn--mrjamaahostel-bfb.ee\/wp-content\/uploads\/2025\/09\/Kahene-tuba-5-1536x865.jpg 1536w, https:\/\/xn--mrjamaahostel-bfb.ee\/wp-content\/uploads\/2025\/09\/Kahene-tuba-5-2048x1153.jpg 2048w, https:\/\/xn--mrjamaahostel-bfb.ee\/wp-content\/uploads\/2025\/09\/Kahene-tuba-5-1568x883.jpg 1568w\" sizes=\"auto, (max-width: 1024px) 100vw, 1024px\" \/><\/figure>\n<\/div>\n\n\n\n<div class=\"wp-block-column is-vertically-aligned-center animated rotateInDownRight slow wp-block-edhotels-first-column-in-mobile is-layout-flow wp-block-column-is-layout-flow\" style=\"padding-right:var(--wp--preset--spacing--30);padding-left:var(--wp--preset--spacing--30)\">\n<h2 class=\"wp-block-heading\"><strong>HOSTEL ROOMS<\/strong><\/h2>\n\n\n\n<p>The hostel has a total of 8 rooms: one four-bed room, two triple rooms, one standard room with a double bed, and four standard rooms with shared bathroom facilities. All hostel rooms are located on the second floor of the building and are accessible via stairs.<\/p>\n\n\n\n<p>Each room includes bed linen, a hand towel, and a sauna towel.<\/p>\n\n\n\n<div class=\"wp-block-buttons is-layout-flex wp-block-buttons-is-layout-flex\">\n<div class=\"wp-block-button\"><a class=\"wp-block-button__link wp-element-button\" href=\"https:\/\/xn--mrjamaahostel-bfb.ee\/en\/rooms\/\">READ MORE<\/a><\/div>\n\n\n\n<div class=\"wp-block-button\"><a class=\"wp-block-button__link wp-element-button\" href=\"https:\/\/www.booking.com\/hotel\/ee\/parnu-mnt-27-hostel.et.html\" target=\"_blank\" rel=\"noreferrer noopener\">BOOK NOW<\/a><\/div>\n<\/div>\n<\/div>\n<\/div>\n\n\n\n<div style=\"height:40px\" aria-hidden=\"true\" class=\"wp-block-spacer\"><\/div>\n\n\n\n<div class=\"wp-block-columns alignwide is-layout-flex wp-container-core-columns-is-layout-28f84493 wp-block-columns-is-layout-flex\">\n<div class=\"wp-block-column is-vertically-aligned-center animated rotateInDownLeft slow wp-block-edhotels-first-column-in-mobile is-layout-flow wp-block-column-is-layout-flow\" style=\"padding-right:var(--wp--preset--spacing--30);padding-left:var(--wp--preset--spacing--30)\">\n<h2 class=\"wp-block-heading\"><strong>BREAKFAST<\/strong><\/h2>\n\n\n\n<p>A perfect day begins with a delicious breakfast. We offer a rich breakfast to all our guests \u2014 both those staying with us and visitors from outside.<\/p>\n\n\n\n<p>Start your day with our buffet breakfast, or why not enjoy some freshly baked pastries straight from the oven? Take a look at our menu for more details.<\/p>\n\n\n\n<p><\/p>\n\n\n\n<div class=\"wp-block-buttons is-layout-flex wp-block-buttons-is-layout-flex\">\n<div class=\"wp-block-button\"><a class=\"wp-block-button__link wp-element-button\" href=\"https:\/\/xn--mrjamaahostel-bfb.ee\/en\/breakfast\/\">READ MORE<\/a><\/div>\n\n\n\n<div class=\"wp-block-button\"><a class=\"wp-block-button__link wp-element-button\" href=\"https:\/\/xn--mrjamaahostel-bfb.ee\/wp-content\/uploads\/2025\/09\/Kohvikumenuu-2025-964.png\" target=\"_blank\" rel=\"noreferrer noopener\">BREAKFAST MENU<\/a><\/div>\n<\/div>\n<\/div>\n\n\n\n<div class=\"wp-block-column animated rotateInDownRight slow is-layout-flow wp-block-column-is-layout-flow\">\n<figure class=\"wp-block-image size-large\"><img loading=\"lazy\" decoding=\"async\" width=\"1024\" height=\"577\" src=\"https:\/\/xn--mrjamaahostel-bfb.ee\/wp-content\/uploads\/2025\/09\/Hommikukohvik-22-1024x577.jpg\" alt=\"\" class=\"wp-image-18\" srcset=\"https:\/\/xn--mrjamaahostel-bfb.ee\/wp-content\/uploads\/2025\/09\/Hommikukohvik-22-1024x577.jpg 1024w, https:\/\/xn--mrjamaahostel-bfb.ee\/wp-content\/uploads\/2025\/09\/Hommikukohvik-22-300x169.jpg 300w, https:\/\/xn--mrjamaahostel-bfb.ee\/wp-content\/uploads\/2025\/09\/Hommikukohvik-22-768x432.jpg 768w, https:\/\/xn--mrjamaahostel-bfb.ee\/wp-content\/uploads\/2025\/09\/Hommikukohvik-22-1536x865.jpg 1536w, https:\/\/xn--mrjamaahostel-bfb.ee\/wp-content\/uploads\/2025\/09\/Hommikukohvik-22-2048x1153.jpg 2048w, https:\/\/xn--mrjamaahostel-bfb.ee\/wp-content\/uploads\/2025\/09\/Hommikukohvik-22-1568x883.jpg 1568w\" sizes=\"auto, (max-width: 1024px) 100vw, 1024px\" \/><\/figure>\n<\/div>\n<\/div>\n\n\n\n<div style=\"height:40px\" aria-hidden=\"true\" class=\"wp-block-spacer\"><\/div>\n\n\n\n<div class=\"wp-block-columns alignwide is-layout-flex wp-container-core-columns-is-layout-28f84493 wp-block-columns-is-layout-flex\">\n<div class=\"wp-block-column animated rotateInDownRight slow is-layout-flow wp-block-column-is-layout-flow\">\n<figure class=\"wp-block-image size-large\"><img loading=\"lazy\" decoding=\"async\" width=\"1024\" height=\"577\" src=\"https:\/\/xn--mrjamaahostel-bfb.ee\/wp-content\/uploads\/2025\/09\/Pubi_marjamaa_hostel-1024x577.jpg\" alt=\"\" class=\"wp-image-34\" srcset=\"https:\/\/xn--mrjamaahostel-bfb.ee\/wp-content\/uploads\/2025\/09\/Pubi_marjamaa_hostel-1024x577.jpg 1024w, https:\/\/xn--mrjamaahostel-bfb.ee\/wp-content\/uploads\/2025\/09\/Pubi_marjamaa_hostel-300x169.jpg 300w, https:\/\/xn--mrjamaahostel-bfb.ee\/wp-content\/uploads\/2025\/09\/Pubi_marjamaa_hostel-768x432.jpg 768w, https:\/\/xn--mrjamaahostel-bfb.ee\/wp-content\/uploads\/2025\/09\/Pubi_marjamaa_hostel-1536x865.jpg 1536w, https:\/\/xn--mrjamaahostel-bfb.ee\/wp-content\/uploads\/2025\/09\/Pubi_marjamaa_hostel-2048x1153.jpg 2048w, https:\/\/xn--mrjamaahostel-bfb.ee\/wp-content\/uploads\/2025\/09\/Pubi_marjamaa_hostel-1568x883.jpg 1568w\" sizes=\"auto, (max-width: 1024px) 100vw, 1024px\" \/><\/figure>\n<\/div>\n\n\n\n<div class=\"wp-block-column is-vertically-aligned-center animated rotateInDownLeft slow wp-block-edhotels-first-column-in-mobile is-layout-flow wp-block-column-is-layout-flow\" style=\"padding-right:var(--wp--preset--spacing--30);padding-left:var(--wp--preset--spacing--30)\">\n<h2 class=\"wp-block-heading\"><strong>PUB<\/strong><\/h2>\n\n\n\n<p>Celebrate life\u2019s special moments with us \u2014 whether it\u2019s a birthday, anniversary, or corporate event<\/p>\n\n\n\n<p>Our staff will make sure your event runs happily, smoothly, and without worry \u2014 so you and your guests can simply relax and enjoy while we take care of the rest.<\/p>\n\n\n\n<p>Follow our lunch offers on Facebook.<br><\/p>\n\n\n\n<div class=\"wp-block-buttons is-layout-flex wp-block-buttons-is-layout-flex\">\n<div class=\"wp-block-button\"><a class=\"wp-block-button__link wp-element-button\" href=\"https:\/\/xn--mrjamaahostel-bfb.ee\/en\/pub\/\">READ MORE<\/a><\/div>\n\n\n\n<div class=\"wp-block-button\"><a class=\"wp-block-button__link wp-element-button\" href=\"https:\/\/xn--mrjamaahostel-bfb.ee\/wp-content\/uploads\/2025\/09\/Hosteli-Menuu-jaanuar-202584.jpg\" target=\"_blank\" rel=\"noreferrer noopener\">SEE THE MENU<\/a><\/div>\n<\/div>\n<\/div>\n<\/div>\n\n\n\n<div style=\"height:40px\" aria-hidden=\"true\" class=\"wp-block-spacer\"><\/div>\n\n\n\n<div class=\"wp-block-columns alignwide is-layout-flex wp-container-core-columns-is-layout-28f84493 wp-block-columns-is-layout-flex\">\n<div class=\"wp-block-column is-layout-flow wp-block-column-is-layout-flow\">\n<iframe src=\"https:\/\/www.google.com\/maps\/embed?pb=!1m18!1m12!1m3!1d2060.2485770576727!2d24.430441276970797!3d58.91049074447634!2m3!1f0!2f0!3f0!3m2!1i1024!2i768!4f13.1!3m3!1m2!1s0x46ed352df99fc597%3A0x9ee16516a30b9811!2sM%C3%A4rjamaa%20Hostel%20%26%20Pubi!5e0!3m2!1set!2see!4v1758546176604!5m2!1set!2see\" width=\"100%\" height=\"450\" style=\"border:0;\" allowfullscreen=\"\" loading=\"lazy\" referrerpolicy=\"no-referrer-when-downgrade\"><\/iframe>\n<\/div>\n<\/div>\n\n\n\n<div style=\"height:40px\" aria-hidden=\"true\" class=\"wp-block-spacer\"><\/div>\n\n\n\n<p><\/p>\n","protected":false},"excerpt":{"rendered":"<p>M\u00c4RJAMAA HOSTEL &amp; PUB M\u00e4rjamaa Hostel is an accommodation located in the M\u00e4rjamaa borough, across from the church, accommodating up to 20 people. In addition, we serve breakfast on weekdays from 6:3 to 12:00 for both hotel guests and visitors from the city. Our breakfast includes porridge, a rich buffet selection, and freshly baked pastries. [&hellip;]<\/p>\n","protected":false},"author":1,"featured_media":0,"parent":0,"menu_order":0,"comment_status":"closed","ping_status":"closed","template":"","meta":{"footnotes":""},"class_list":["post-200","page","type-page","status-publish","hentry"],"yoast_head":"<!-- This site is optimized with the Yoast SEO plugin v26.1.1 - https:\/\/yoast.com\/wordpress\/plugins\/seo\/ -->\n<title>Home - M&auml;rjamaa Hostel<\/title>\n<meta name=\"robots\" content=\"index, follow, max-snippet:-1, max-image-preview:large, max-video-preview:-1\" \/>\n<link rel=\"canonical\" href=\"https:\/\/xn--mrjamaahostel-bfb.ee\/en\/\" \/>\n<meta property=\"og:locale\" content=\"en_US\" \/>\n<meta property=\"og:type\" content=\"article\" \/>\n<meta property=\"og:title\" content=\"Home - M&auml;rjamaa Hostel\" \/>\n<meta property=\"og:description\" content=\"M\u00c4RJAMAA HOSTEL &amp; PUB M\u00e4rjamaa Hostel is an accommodation located in the M\u00e4rjamaa borough, across from the church, accommodating up to 20 people. In addition, we serve breakfast on weekdays from 6:3 to 12:00 for both hotel guests and visitors from the city. Our breakfast includes porridge, a rich buffet selection, and freshly baked pastries. [&hellip;]\" \/>\n<meta property=\"og:url\" content=\"https:\/\/xn--mrjamaahostel-bfb.ee\/en\/\" \/>\n<meta property=\"og:site_name\" content=\"M&auml;rjamaa Hostel\" \/>\n<meta property=\"article:modified_time\" content=\"2025-10-17T14:34:59+00:00\" \/>\n<meta property=\"og:image\" content=\"https:\/\/xn--mrjamaahostel-bfb.ee\/wp-content\/uploads\/2025\/09\/Neljane-tuba-scaled.jpg\" \/>\n\t<meta property=\"og:image:width\" content=\"2560\" \/>\n\t<meta property=\"og:image:height\" content=\"1441\" \/>\n\t<meta property=\"og:image:type\" content=\"image\/jpeg\" \/>\n<meta name=\"twitter:card\" content=\"summary_large_image\" \/>\n<meta name=\"twitter:label1\" content=\"Est. reading time\" \/>\n\t<meta name=\"twitter:data1\" content=\"3 minutes\" \/>\n<script type=\"application\/ld+json\" class=\"yoast-schema-graph\">{\"@context\":\"https:\/\/schema.org\",\"@graph\":[{\"@type\":\"WebPage\",\"@id\":\"https:\/\/xn--mrjamaahostel-bfb.ee\/en\/\",\"url\":\"https:\/\/xn--mrjamaahostel-bfb.ee\/en\/\",\"name\":\"Home - M&auml;rjamaa Hostel\",\"isPartOf\":{\"@id\":\"https:\/\/xn--mrjamaahostel-bfb.ee\/#website\"},\"primaryImageOfPage\":{\"@id\":\"https:\/\/xn--mrjamaahostel-bfb.ee\/en\/#primaryimage\"},\"image\":{\"@id\":\"https:\/\/xn--mrjamaahostel-bfb.ee\/en\/#primaryimage\"},\"thumbnailUrl\":\"https:\/\/uus.xn--mrjamaahostel-bfb.ee\/wp-content\/uploads\/2025\/09\/Neljane-tuba-1024x577.jpg\",\"datePublished\":\"2025-09-18T07:46:45+00:00\",\"dateModified\":\"2025-10-17T14:34:59+00:00\",\"breadcrumb\":{\"@id\":\"https:\/\/xn--mrjamaahostel-bfb.ee\/en\/#breadcrumb\"},\"inLanguage\":\"en-US\",\"potentialAction\":[{\"@type\":\"ReadAction\",\"target\":[\"https:\/\/xn--mrjamaahostel-bfb.ee\/en\/\"]}]},{\"@type\":\"ImageObject\",\"inLanguage\":\"en-US\",\"@id\":\"https:\/\/xn--mrjamaahostel-bfb.ee\/en\/#primaryimage\",\"url\":\"https:\/\/uus.xn--mrjamaahostel-bfb.ee\/wp-content\/uploads\/2025\/09\/Neljane-tuba-1024x577.jpg\",\"contentUrl\":\"https:\/\/uus.xn--mrjamaahostel-bfb.ee\/wp-content\/uploads\/2025\/09\/Neljane-tuba-1024x577.jpg\"},{\"@type\":\"BreadcrumbList\",\"@id\":\"https:\/\/xn--mrjamaahostel-bfb.ee\/en\/#breadcrumb\",\"itemListElement\":[{\"@type\":\"ListItem\",\"position\":1,\"name\":\"Home\",\"item\":\"https:\/\/xn--mrjamaahostel-bfb.ee\/en\/\"},{\"@type\":\"ListItem\",\"position\":2,\"name\":\"Home\"}]},{\"@type\":\"WebSite\",\"@id\":\"https:\/\/xn--mrjamaahostel-bfb.ee\/#website\",\"url\":\"https:\/\/xn--mrjamaahostel-bfb.ee\/\",\"name\":\"M&auml;rjamaa Hostel\",\"description\":\"\",\"potentialAction\":[{\"@type\":\"SearchAction\",\"target\":{\"@type\":\"EntryPoint\",\"urlTemplate\":\"https:\/\/xn--mrjamaahostel-bfb.ee\/?s={search_term_string}\"},\"query-input\":{\"@type\":\"PropertyValueSpecification\",\"valueRequired\":true,\"valueName\":\"search_term_string\"}}],\"inLanguage\":\"en-US\"}]}<\/script>\n<!-- \/ Yoast SEO plugin. -->","yoast_head_json":{"title":"Home - M&auml;rjamaa Hostel","robots":{"index":"index","follow":"follow","max-snippet":"max-snippet:-1","max-image-preview":"max-image-preview:large","max-video-preview":"max-video-preview:-1"},"canonical":"https:\/\/xn--mrjamaahostel-bfb.ee\/en\/","og_locale":"en_US","og_type":"article","og_title":"Home - M&auml;rjamaa Hostel","og_description":"M\u00c4RJAMAA HOSTEL &amp; PUB M\u00e4rjamaa Hostel is an accommodation located in the M\u00e4rjamaa borough, across from the church, accommodating up to 20 people. In addition, we serve breakfast on weekdays from 6:3 to 12:00 for both hotel guests and visitors from the city. Our breakfast includes porridge, a rich buffet selection, and freshly baked pastries. [&hellip;]","og_url":"https:\/\/xn--mrjamaahostel-bfb.ee\/en\/","og_site_name":"M&auml;rjamaa Hostel","article_modified_time":"2025-10-17T14:34:59+00:00","og_image":[{"width":2560,"height":1441,"url":"https:\/\/xn--mrjamaahostel-bfb.ee\/wp-content\/uploads\/2025\/09\/Neljane-tuba-scaled.jpg","type":"image\/jpeg"}],"twitter_card":"summary_large_image","twitter_misc":{"Est. reading time":"3 minutes"},"schema":{"@context":"https:\/\/schema.org","@graph":[{"@type":"WebPage","@id":"https:\/\/xn--mrjamaahostel-bfb.ee\/en\/","url":"https:\/\/xn--mrjamaahostel-bfb.ee\/en\/","name":"Home - M&auml;rjamaa Hostel","isPartOf":{"@id":"https:\/\/xn--mrjamaahostel-bfb.ee\/#website"},"primaryImageOfPage":{"@id":"https:\/\/xn--mrjamaahostel-bfb.ee\/en\/#primaryimage"},"image":{"@id":"https:\/\/xn--mrjamaahostel-bfb.ee\/en\/#primaryimage"},"thumbnailUrl":"https:\/\/uus.xn--mrjamaahostel-bfb.ee\/wp-content\/uploads\/2025\/09\/Neljane-tuba-1024x577.jpg","datePublished":"2025-09-18T07:46:45+00:00","dateModified":"2025-10-17T14:34:59+00:00","breadcrumb":{"@id":"https:\/\/xn--mrjamaahostel-bfb.ee\/en\/#breadcrumb"},"inLanguage":"en-US","potentialAction":[{"@type":"ReadAction","target":["https:\/\/xn--mrjamaahostel-bfb.ee\/en\/"]}]},{"@type":"ImageObject","inLanguage":"en-US","@id":"https:\/\/xn--mrjamaahostel-bfb.ee\/en\/#primaryimage","url":"https:\/\/uus.xn--mrjamaahostel-bfb.ee\/wp-content\/uploads\/2025\/09\/Neljane-tuba-1024x577.jpg","contentUrl":"https:\/\/uus.xn--mrjamaahostel-bfb.ee\/wp-content\/uploads\/2025\/09\/Neljane-tuba-1024x577.jpg"},{"@type":"BreadcrumbList","@id":"https:\/\/xn--mrjamaahostel-bfb.ee\/en\/#breadcrumb","itemListElement":[{"@type":"ListItem","position":1,"name":"Home","item":"https:\/\/xn--mrjamaahostel-bfb.ee\/en\/"},{"@type":"ListItem","position":2,"name":"Home"}]},{"@type":"WebSite","@id":"https:\/\/xn--mrjamaahostel-bfb.ee\/#website","url":"https:\/\/xn--mrjamaahostel-bfb.ee\/","name":"M&auml;rjamaa Hostel","description":"","potentialAction":[{"@type":"SearchAction","target":{"@type":"EntryPoint","urlTemplate":"https:\/\/xn--mrjamaahostel-bfb.ee\/?s={search_term_string}"},"query-input":{"@type":"PropertyValueSpecification","valueRequired":true,"valueName":"search_term_string"}}],"inLanguage":"en-US"}]}},"_links":{"self":[{"href":"https:\/\/xn--mrjamaahostel-bfb.ee\/en\/wp-json\/wp\/v2\/pages\/200","targetHints":{"allow":["GET"]}}],"collection":[{"href":"https:\/\/xn--mrjamaahostel-bfb.ee\/en\/wp-json\/wp\/v2\/pages"}],"about":[{"href":"https:\/\/xn--mrjamaahostel-bfb.ee\/en\/wp-json\/wp\/v2\/types\/page"}],"author":[{"embeddable":true,"href":"https:\/\/xn--mrjamaahostel-bfb.ee\/en\/wp-json\/wp\/v2\/users\/1"}],"replies":[{"embeddable":true,"href":"https:\/\/xn--mrjamaahostel-bfb.ee\/en\/wp-json\/wp\/v2\/comments?post=200"}],"version-history":[{"count":5,"href":"https:\/\/xn--mrjamaahostel-bfb.ee\/en\/wp-json\/wp\/v2\/pages\/200\/revisions"}],"predecessor-version":[{"id":266,"href":"https:\/\/xn--mrjamaahostel-bfb.ee\/en\/wp-json\/wp\/v2\/pages\/200\/revisions\/266"}],"wp:attachment":[{"href":"https:\/\/xn--mrjamaahostel-bfb.ee\/en\/wp-json\/wp\/v2\/media?parent=200"}],"curies":[{"name":"wp","href":"https:\/\/api.w.org\/{rel}","templated":true}]}}