{"id":214,"date":"2025-10-02T17:32:51","date_gmt":"2025-10-02T17:32:51","guid":{"rendered":"https:\/\/xn--mrjamaahostel-bfb.ee\/kontaktid\/"},"modified":"2025-10-16T07:22:12","modified_gmt":"2025-10-16T07:22:12","slug":"contacts","status":"publish","type":"page","link":"https:\/\/xn--mrjamaahostel-bfb.ee\/en\/contacts\/","title":{"rendered":"CONTACTS"},"content":{"rendered":"\n<div class=\"wp-block-cover alignfull\"><img loading=\"lazy\" decoding=\"async\" width=\"2048\" height=\"1153\" class=\"wp-block-cover__image-background wp-image-39 size-full\" alt=\"\" src=\"https:\/\/uus.xn--mrjamaahostel-bfb.ee\/wp-content\/uploads\/2025\/09\/Valireklaam-fassaad.png\" data-object-fit=\"cover\" srcset=\"https:\/\/xn--mrjamaahostel-bfb.ee\/wp-content\/uploads\/2025\/09\/Valireklaam-fassaad.png 2048w, https:\/\/xn--mrjamaahostel-bfb.ee\/wp-content\/uploads\/2025\/09\/Valireklaam-fassaad-300x169.png 300w, https:\/\/xn--mrjamaahostel-bfb.ee\/wp-content\/uploads\/2025\/09\/Valireklaam-fassaad-1024x577.png 1024w, https:\/\/xn--mrjamaahostel-bfb.ee\/wp-content\/uploads\/2025\/09\/Valireklaam-fassaad-768x432.png 768w, https:\/\/xn--mrjamaahostel-bfb.ee\/wp-content\/uploads\/2025\/09\/Valireklaam-fassaad-1536x865.png 1536w, https:\/\/xn--mrjamaahostel-bfb.ee\/wp-content\/uploads\/2025\/09\/Valireklaam-fassaad-1568x883.png 1568w\" sizes=\"auto, (max-width: 2048px) 100vw, 2048px\" \/><span aria-hidden=\"true\" class=\"wp-block-cover__background has-background-dim-0 has-background-dim\"><\/span><div class=\"wp-block-cover__inner-container is-layout-flow wp-block-cover-is-layout-flow\">\n<p class=\"has-text-align-center has-large-font-size\"><\/p>\n<\/div><\/div>\n\n\n\n<div style=\"height:30px\" aria-hidden=\"true\" class=\"wp-block-spacer mobile-spacer-5\"><\/div>\n\n\n\n<h1 class=\"wp-block-heading has-text-align-center\">CONTACTS<\/h1>\n\n\n\n<p class=\"has-text-align-center\"><strong>M\u00e4rjamaa Hostel &amp; Pub<\/strong><br><strong>ViaStop Invest O\u00dc<br>Reg nr. 10857670<br>P\u00e4rnu mnt 27, M\u00e4rjamaa, Raplamaa 78301<\/strong>, <strong>Estonia<\/strong><\/p>\n\n\n\n<div class=\"wp-block-columns is-layout-flex wp-container-core-columns-is-layout-28f84493 wp-block-columns-is-layout-flex\">\n<div class=\"wp-block-column is-layout-flow wp-block-column-is-layout-flow\">\n<div class=\"wp-block-cover is-light\"><span aria-hidden=\"true\" class=\"wp-block-cover__background has-background-dim-70 has-background-dim\" style=\"background-color:#d9a441\"><\/span><div class=\"wp-block-cover__inner-container is-layout-constrained wp-block-cover-is-layout-constrained\">\n<p class=\"has-text-align-center has-white-color has-text-color has-link-color has-large-font-size wp-elements-85651c2dc0ff92526af907998ce793ca\"><strong>HOSTEL<\/strong><\/p>\n\n\n\n<p class=\"has-text-align-center has-white-color has-text-color has-link-color wp-elements-24d180666a5d1bfe5e30862e27ae682b\"><strong>Phone: +372 503 8876<\/strong><br><a href=\"mailto:hostel@viastop.ee\"><strong>hostel@viastop.ee<\/strong><\/a><\/p>\n<\/div><\/div>\n<\/div>\n\n\n\n<div class=\"wp-block-column is-layout-flow wp-block-column-is-layout-flow\">\n<div class=\"wp-block-cover is-light\"><span aria-hidden=\"true\" class=\"wp-block-cover__background has-background-dim-70 has-background-dim\" style=\"background-color:#6b625a\"><\/span><div class=\"wp-block-cover__inner-container is-layout-constrained wp-block-cover-is-layout-constrained\">\n<p class=\"has-text-align-center has-white-color has-text-color has-link-color has-large-font-size wp-elements-af452b15c53990db50efc1c61d0ac1cd\"><strong>PUB<\/strong><\/p>\n\n\n\n<p class=\"has-text-align-center has-white-color has-text-color has-link-color wp-elements-6f32de83c8e675d1499bf7051b0e640d\"><strong>Phone:<\/strong> <strong><a href=\"tel:+372 527 3592\">+372 527 3592<\/a><\/strong><br><\/p>\n<\/div><\/div>\n<\/div>\n<\/div>\n\n\n\n<div style=\"height:30px\" aria-hidden=\"true\" class=\"wp-block-spacer mobile-spacer-5\"><\/div>\n\n\n\n<div class=\"wp-block-columns alignwide is-layout-flex wp-container-core-columns-is-layout-28f84493 wp-block-columns-is-layout-flex\">\n<div class=\"wp-block-column is-layout-flow wp-block-column-is-layout-flow\">\n<iframe src=\"https:\/\/www.google.com\/maps\/embed?pb=!1m18!1m12!1m3!1d2060.2485770576727!2d24.430441276970797!3d58.91049074447634!2m3!1f0!2f0!3f0!3m2!1i1024!2i768!4f13.1!3m3!1m2!1s0x46ed352df99fc597%3A0x9ee16516a30b9811!2sM%C3%A4rjamaa%20Hostel%20%26%20Pubi!5e0!3m2!1set!2see!4v1758546176604!5m2!1set!2see\" width=\"100%\" height=\"450\" style=\"border:0;\" allowfullscreen=\"\" loading=\"lazy\" referrerpolicy=\"no-referrer-when-downgrade\"><\/iframe>\n<\/div>\n<\/div>\n","protected":false},"excerpt":{"rendered":"<p>CONTACTS M\u00e4rjamaa Hostel &amp; PubViaStop Invest O\u00dcReg nr. 10857670P\u00e4rnu mnt 27, M\u00e4rjamaa, Raplamaa 78301, Estonia<\/p>\n","protected":false},"author":2,"featured_media":0,"parent":0,"menu_order":0,"comment_status":"closed","ping_status":"closed","template":"","meta":{"footnotes":""},"class_list":["post-214","page","type-page","status-publish","hentry"],"yoast_head":"<!-- This site is optimized with the Yoast SEO plugin v26.1.1 - https:\/\/yoast.com\/wordpress\/plugins\/seo\/ -->\n<title>CONTACTS - M&auml;rjamaa Hostel<\/title>\n<meta name=\"robots\" content=\"index, follow, max-snippet:-1, max-image-preview:large, max-video-preview:-1\" \/>\n<link rel=\"canonical\" href=\"https:\/\/xn--mrjamaahostel-bfb.ee\/en\/contacts\/\" \/>\n<meta property=\"og:locale\" content=\"en_US\" \/>\n<meta property=\"og:type\" content=\"article\" \/>\n<meta property=\"og:title\" content=\"CONTACTS - M&auml;rjamaa Hostel\" \/>\n<meta property=\"og:description\" content=\"CONTACTS M\u00e4rjamaa Hostel &amp; PubViaStop Invest O\u00dcReg nr. 10857670P\u00e4rnu mnt 27, M\u00e4rjamaa, Raplamaa 78301, Estonia\" \/>\n<meta property=\"og:url\" content=\"https:\/\/xn--mrjamaahostel-bfb.ee\/en\/contacts\/\" \/>\n<meta property=\"og:site_name\" content=\"M&auml;rjamaa Hostel\" \/>\n<meta property=\"article:modified_time\" content=\"2025-10-16T07:22:12+00:00\" \/>\n<meta property=\"og:image\" content=\"https:\/\/xn--mrjamaahostel-bfb.ee\/wp-content\/uploads\/2025\/09\/Valireklaam-fassaad-1024x577.png\" \/>\n\t<meta property=\"og:image:width\" content=\"1024\" \/>\n\t<meta property=\"og:image:height\" content=\"577\" \/>\n\t<meta property=\"og:image:type\" content=\"image\/png\" \/>\n<meta name=\"twitter:card\" content=\"summary_large_image\" \/>\n<meta name=\"twitter:label1\" content=\"Est. reading time\" \/>\n\t<meta name=\"twitter:data1\" content=\"1 minute\" \/>\n<script type=\"application\/ld+json\" class=\"yoast-schema-graph\">{\"@context\":\"https:\/\/schema.org\",\"@graph\":[{\"@type\":\"WebPage\",\"@id\":\"https:\/\/xn--mrjamaahostel-bfb.ee\/en\/contacts\/\",\"url\":\"https:\/\/xn--mrjamaahostel-bfb.ee\/en\/contacts\/\",\"name\":\"CONTACTS - M&auml;rjamaa Hostel\",\"isPartOf\":{\"@id\":\"https:\/\/xn--mrjamaahostel-bfb.ee\/#website\"},\"primaryImageOfPage\":{\"@id\":\"https:\/\/xn--mrjamaahostel-bfb.ee\/en\/contacts\/#primaryimage\"},\"image\":{\"@id\":\"https:\/\/xn--mrjamaahostel-bfb.ee\/en\/contacts\/#primaryimage\"},\"thumbnailUrl\":\"https:\/\/uus.xn--mrjamaahostel-bfb.ee\/wp-content\/uploads\/2025\/09\/Valireklaam-fassaad.png\",\"datePublished\":\"2025-10-02T17:32:51+00:00\",\"dateModified\":\"2025-10-16T07:22:12+00:00\",\"breadcrumb\":{\"@id\":\"https:\/\/xn--mrjamaahostel-bfb.ee\/en\/contacts\/#breadcrumb\"},\"inLanguage\":\"en-US\",\"potentialAction\":[{\"@type\":\"ReadAction\",\"target\":[\"https:\/\/xn--mrjamaahostel-bfb.ee\/en\/contacts\/\"]}]},{\"@type\":\"ImageObject\",\"inLanguage\":\"en-US\",\"@id\":\"https:\/\/xn--mrjamaahostel-bfb.ee\/en\/contacts\/#primaryimage\",\"url\":\"https:\/\/uus.xn--mrjamaahostel-bfb.ee\/wp-content\/uploads\/2025\/09\/Valireklaam-fassaad.png\",\"contentUrl\":\"https:\/\/uus.xn--mrjamaahostel-bfb.ee\/wp-content\/uploads\/2025\/09\/Valireklaam-fassaad.png\"},{\"@type\":\"BreadcrumbList\",\"@id\":\"https:\/\/xn--mrjamaahostel-bfb.ee\/en\/contacts\/#breadcrumb\",\"itemListElement\":[{\"@type\":\"ListItem\",\"position\":1,\"name\":\"Home\",\"item\":\"https:\/\/xn--mrjamaahostel-bfb.ee\/en\/\"},{\"@type\":\"ListItem\",\"position\":2,\"name\":\"CONTACTS\"}]},{\"@type\":\"WebSite\",\"@id\":\"https:\/\/xn--mrjamaahostel-bfb.ee\/#website\",\"url\":\"https:\/\/xn--mrjamaahostel-bfb.ee\/\",\"name\":\"M&auml;rjamaa Hostel\",\"description\":\"\",\"potentialAction\":[{\"@type\":\"SearchAction\",\"target\":{\"@type\":\"EntryPoint\",\"urlTemplate\":\"https:\/\/xn--mrjamaahostel-bfb.ee\/?s={search_term_string}\"},\"query-input\":{\"@type\":\"PropertyValueSpecification\",\"valueRequired\":true,\"valueName\":\"search_term_string\"}}],\"inLanguage\":\"en-US\"}]}<\/script>\n<!-- \/ Yoast SEO plugin. -->","yoast_head_json":{"title":"CONTACTS - M&auml;rjamaa Hostel","robots":{"index":"index","follow":"follow","max-snippet":"max-snippet:-1","max-image-preview":"max-image-preview:large","max-video-preview":"max-video-preview:-1"},"canonical":"https:\/\/xn--mrjamaahostel-bfb.ee\/en\/contacts\/","og_locale":"en_US","og_type":"article","og_title":"CONTACTS - M&auml;rjamaa Hostel","og_description":"CONTACTS M\u00e4rjamaa Hostel &amp; PubViaStop Invest O\u00dcReg nr. 10857670P\u00e4rnu mnt 27, M\u00e4rjamaa, Raplamaa 78301, Estonia","og_url":"https:\/\/xn--mrjamaahostel-bfb.ee\/en\/contacts\/","og_site_name":"M&auml;rjamaa Hostel","article_modified_time":"2025-10-16T07:22:12+00:00","og_image":[{"width":1024,"height":577,"url":"https:\/\/xn--mrjamaahostel-bfb.ee\/wp-content\/uploads\/2025\/09\/Valireklaam-fassaad-1024x577.png","type":"image\/png"}],"twitter_card":"summary_large_image","twitter_misc":{"Est. reading time":"1 minute"},"schema":{"@context":"https:\/\/schema.org","@graph":[{"@type":"WebPage","@id":"https:\/\/xn--mrjamaahostel-bfb.ee\/en\/contacts\/","url":"https:\/\/xn--mrjamaahostel-bfb.ee\/en\/contacts\/","name":"CONTACTS - M&auml;rjamaa Hostel","isPartOf":{"@id":"https:\/\/xn--mrjamaahostel-bfb.ee\/#website"},"primaryImageOfPage":{"@id":"https:\/\/xn--mrjamaahostel-bfb.ee\/en\/contacts\/#primaryimage"},"image":{"@id":"https:\/\/xn--mrjamaahostel-bfb.ee\/en\/contacts\/#primaryimage"},"thumbnailUrl":"https:\/\/uus.xn--mrjamaahostel-bfb.ee\/wp-content\/uploads\/2025\/09\/Valireklaam-fassaad.png","datePublished":"2025-10-02T17:32:51+00:00","dateModified":"2025-10-16T07:22:12+00:00","breadcrumb":{"@id":"https:\/\/xn--mrjamaahostel-bfb.ee\/en\/contacts\/#breadcrumb"},"inLanguage":"en-US","potentialAction":[{"@type":"ReadAction","target":["https:\/\/xn--mrjamaahostel-bfb.ee\/en\/contacts\/"]}]},{"@type":"ImageObject","inLanguage":"en-US","@id":"https:\/\/xn--mrjamaahostel-bfb.ee\/en\/contacts\/#primaryimage","url":"https:\/\/uus.xn--mrjamaahostel-bfb.ee\/wp-content\/uploads\/2025\/09\/Valireklaam-fassaad.png","contentUrl":"https:\/\/uus.xn--mrjamaahostel-bfb.ee\/wp-content\/uploads\/2025\/09\/Valireklaam-fassaad.png"},{"@type":"BreadcrumbList","@id":"https:\/\/xn--mrjamaahostel-bfb.ee\/en\/contacts\/#breadcrumb","itemListElement":[{"@type":"ListItem","position":1,"name":"Home","item":"https:\/\/xn--mrjamaahostel-bfb.ee\/en\/"},{"@type":"ListItem","position":2,"name":"CONTACTS"}]},{"@type":"WebSite","@id":"https:\/\/xn--mrjamaahostel-bfb.ee\/#website","url":"https:\/\/xn--mrjamaahostel-bfb.ee\/","name":"M&auml;rjamaa Hostel","description":"","potentialAction":[{"@type":"SearchAction","target":{"@type":"EntryPoint","urlTemplate":"https:\/\/xn--mrjamaahostel-bfb.ee\/?s={search_term_string}"},"query-input":{"@type":"PropertyValueSpecification","valueRequired":true,"valueName":"search_term_string"}}],"inLanguage":"en-US"}]}},"_links":{"self":[{"href":"https:\/\/xn--mrjamaahostel-bfb.ee\/en\/wp-json\/wp\/v2\/pages\/214","targetHints":{"allow":["GET"]}}],"collection":[{"href":"https:\/\/xn--mrjamaahostel-bfb.ee\/en\/wp-json\/wp\/v2\/pages"}],"about":[{"href":"https:\/\/xn--mrjamaahostel-bfb.ee\/en\/wp-json\/wp\/v2\/types\/page"}],"author":[{"embeddable":true,"href":"https:\/\/xn--mrjamaahostel-bfb.ee\/en\/wp-json\/wp\/v2\/users\/2"}],"replies":[{"embeddable":true,"href":"https:\/\/xn--mrjamaahostel-bfb.ee\/en\/wp-json\/wp\/v2\/comments?post=214"}],"version-history":[{"count":2,"href":"https:\/\/xn--mrjamaahostel-bfb.ee\/en\/wp-json\/wp\/v2\/pages\/214\/revisions"}],"predecessor-version":[{"id":255,"href":"https:\/\/xn--mrjamaahostel-bfb.ee\/en\/wp-json\/wp\/v2\/pages\/214\/revisions\/255"}],"wp:attachment":[{"href":"https:\/\/xn--mrjamaahostel-bfb.ee\/en\/wp-json\/wp\/v2\/media?parent=214"}],"curies":[{"name":"wp","href":"https:\/\/api.w.org\/{rel}","templated":true}]}}